{"id":2782,"date":"2023-03-10T09:34:44","date_gmt":"2023-03-10T14:34:44","guid":{"rendered":"https:\/\/sanam.test\/ajouter-un-logement\/"},"modified":"2023-04-24T13:24:06","modified_gmt":"2023-04-24T17:24:06","slug":"anadir-alojamiento","status":"publish","type":"page","link":"https:\/\/www.sanamrcmaskinonge.ca\/es\/anadir-alojamiento\/","title":{"rendered":"A\u00f1adir alojamiento"},"content":{"rendered":"<p>Vous \u00eates propri\u00e9taire d&#8217;un logement et souhaitez aider les nouveaux arrivants en offrant un toit chaleureux dans notre belle r\u00e9gion? Nous sommes heureux de vous offrir la possibilit\u00e9 de mettre votre annonce sur le site web du Service d&#8217;Accueil des Nouveaux Arrivants (SANA) de la MRC de Maskinong\u00e9.<\/p>\n<p>Gr\u00e2ce \u00e0 votre contribution, nous pourrons offrir un accueil chaleureux \u00e0 nos nouveaux voisins et leur faciliter l&#8217;int\u00e9gration dans notre communaut\u00e9. Remplissez le formulaire ci-dessous pour soumettre votre annonce et aider ainsi \u00e0 renforcer notre communaut\u00e9.<\/p>\n","protected":false},"excerpt":{"rendered":"<p>Vous \u00eates propri\u00e9taire d&#8217;un logement et souhaitez aider les nouveaux arrivants en offrant un toit chaleureux dans notre belle r\u00e9gion? Nous sommes heureux de vous offrir la possibilit\u00e9 de mettre votre annonce sur le site web du Service d&#8217;Accueil des Nouveaux Arrivants (SANA) de la MRC de Maskinong\u00e9. Gr\u00e2ce \u00e0 votre contribution, nous pourrons offrir [&hellip;]<\/p>\n","protected":false},"author":4,"featured_media":0,"parent":0,"menu_order":0,"comment_status":"closed","ping_status":"closed","template":"t-new-offre.php","meta":{"_acf_changed":false,"footnotes":""},"class_list":["post-2782","page","type-page","status-publish","hentry"],"acf":[],"_links":{"self":[{"href":"https:\/\/www.sanamrcmaskinonge.ca\/es\/wp-json\/wp\/v2\/pages\/2782"}],"collection":[{"href":"https:\/\/www.sanamrcmaskinonge.ca\/es\/wp-json\/wp\/v2\/pages"}],"about":[{"href":"https:\/\/www.sanamrcmaskinonge.ca\/es\/wp-json\/wp\/v2\/types\/page"}],"author":[{"embeddable":true,"href":"https:\/\/www.sanamrcmaskinonge.ca\/es\/wp-json\/wp\/v2\/users\/4"}],"replies":[{"embeddable":true,"href":"https:\/\/www.sanamrcmaskinonge.ca\/es\/wp-json\/wp\/v2\/comments?post=2782"}],"version-history":[{"count":2,"href":"https:\/\/www.sanamrcmaskinonge.ca\/es\/wp-json\/wp\/v2\/pages\/2782\/revisions"}],"predecessor-version":[{"id":2798,"href":"https:\/\/www.sanamrcmaskinonge.ca\/es\/wp-json\/wp\/v2\/pages\/2782\/revisions\/2798"}],"wp:attachment":[{"href":"https:\/\/www.sanamrcmaskinonge.ca\/es\/wp-json\/wp\/v2\/media?parent=2782"}],"curies":[{"name":"wp","href":"https:\/\/api.w.org\/{rel}","templated":true}]}}