{"id":2868,"date":"2019-12-03T11:47:52","date_gmt":"2019-12-03T16:47:52","guid":{"rendered":"https:\/\/sanam.test\/nous-joindre\/"},"modified":"2024-07-31T11:17:26","modified_gmt":"2024-07-31T15:17:26","slug":"contactenos","status":"publish","type":"page","link":"https:\/\/www.sanamrcmaskinonge.ca\/es\/contactenos\/","title":{"rendered":"Cont\u00e1ctenos"},"content":{"rendered":"\r\n<p>30, boulevard Comtois,<br \/>Louiseville (Qu\u00e9bec) J5V 2H6<\/p>\r\n<p>Tel\u00e9fono : <a href=\"tel:+1819-519-9561\">819 519-9461<\/a><br \/>Correo electr\u00f3nico : <a href=\"mailto:info@SanaMrcMaskinonge.ca\">info@SanaMrcMaskinonge.ca<\/a><\/p>\r\n<p><strong>Horario de apertura:<br \/><\/strong>De lunes a jueves de 8:15 a 12:00 horas y de 12:45 a 16:30 horas.<br \/>Viernes de 8:30 a 13:30 horas.<\/p>\r\n\r\n\r\n\r\n\r\n","protected":false},"excerpt":{"rendered":"<p>30, boulevard Comtois,Louiseville (Qu\u00e9bec) J5V 2H6 Tel\u00e9fono : 819 519-9461Correo electr\u00f3nico : info@SanaMrcMaskinonge.ca Horario de apertura:De lunes a jueves de 8:15 a 12:00 horas y de 12:45 a 16:30 horas.Viernes de 8:30 a 13:30 horas.<\/p>\n","protected":false},"author":4,"featured_media":3064,"parent":0,"menu_order":0,"comment_status":"closed","ping_status":"closed","template":"t-contact.php","meta":{"_acf_changed":false,"footnotes":""},"class_list":["post-2868","page","type-page","status-publish","has-post-thumbnail","hentry"],"acf":[],"_links":{"self":[{"href":"https:\/\/www.sanamrcmaskinonge.ca\/es\/wp-json\/wp\/v2\/pages\/2868"}],"collection":[{"href":"https:\/\/www.sanamrcmaskinonge.ca\/es\/wp-json\/wp\/v2\/pages"}],"about":[{"href":"https:\/\/www.sanamrcmaskinonge.ca\/es\/wp-json\/wp\/v2\/types\/page"}],"author":[{"embeddable":true,"href":"https:\/\/www.sanamrcmaskinonge.ca\/es\/wp-json\/wp\/v2\/users\/4"}],"replies":[{"embeddable":true,"href":"https:\/\/www.sanamrcmaskinonge.ca\/es\/wp-json\/wp\/v2\/comments?post=2868"}],"version-history":[{"count":6,"href":"https:\/\/www.sanamrcmaskinonge.ca\/es\/wp-json\/wp\/v2\/pages\/2868\/revisions"}],"predecessor-version":[{"id":3781,"href":"https:\/\/www.sanamrcmaskinonge.ca\/es\/wp-json\/wp\/v2\/pages\/2868\/revisions\/3781"}],"wp:featuredmedia":[{"embeddable":true,"href":"https:\/\/www.sanamrcmaskinonge.ca\/es\/wp-json\/wp\/v2\/media\/3064"}],"wp:attachment":[{"href":"https:\/\/www.sanamrcmaskinonge.ca\/es\/wp-json\/wp\/v2\/media?parent=2868"}],"curies":[{"name":"wp","href":"https:\/\/api.w.org\/{rel}","templated":true}]}}